{"id":128,"date":"2023-01-01T12:36:50","date_gmt":"2023-01-01T12:36:50","guid":{"rendered":"https:\/\/orthopaedie-baumeister.de\/?page_id=128"},"modified":"2023-01-01T12:40:59","modified_gmt":"2023-01-01T12:40:59","slug":"wir-uber-uns","status":"publish","type":"page","link":"https:\/\/orthopaedie-baumeister.de\/?page_id=128","title":{"rendered":"Wir \u00fcber uns"},"content":{"rendered":"\n<p>Sehr geehrte Kundin, sehr geehrter Kunde,<\/p>\n\n\n\n<p>die Firma Baumeister wurde im Jahr 1992 durch unseren Firmeninhaber Werner Baumeister gegr\u00fcndet. Wir stellen anatomische Schaumstoff-Cervicalst\u00fctzen her, die Sie auch mit einer innenliegenden Verst\u00e4kung erhalten k\u00f6nnen.<\/p>\n\n\n\n<p>Unser innovatives patentiertes TEP-Protect-Arthrodesenkissen erfreut sich seit der Markteinf\u00fchrung sowohl bei \u00c4rzten aus Klink und Praxis als auch bei Physiotherapeuten und vor allem bei den Patienten gro\u00dfer Beliebtheit. Aufgrund jahrzehntelanger Erfahrung in der Prothesenfertigung entwickelten wir ein Prothesenaufbau und -\u00fcbertragungsger\u00e4t f\u00fcr den professionellen Prothesenbau.<\/p>\n\n\n\n<p>Ein weiteres Highlight ist der Vakuum-Tiefziehtisch f\u00fcr Sitzschalen, welcher aus dem Sitzschalenbau f\u00fcr tiefgezogene Modelle nicht mehr wegzudenken ist. Unsere Produkte bestechen durch ihre hohe Qualit\u00e4t und leisten einen entscheidenden Beitrag zur optimalen Versorgung Ihrer Patienten, wobei die \u00f6konomische Fertigung Ihrer Prothesen und Sitzschalen durch unsere &#8211; auf Ihre Bed\u00fcrfnisse abgestimmten &#8211; Ger\u00e4te garantiert ist.<\/p>\n\n\n\n<p>Die Prepreg-Technik hat l\u00e4ngst Einzug gehalten in der orthop\u00e4dietechnischen Fertigung und ist f\u00fcr den modernen Prothesen- und Orthesenbau unabdingbar. Unsere Prepregausr\u00fcstung ist der Garant f\u00fcr gute Ergebnisse.<\/p>\n\n\n\n<p>Ebenso aus der Praxis f\u00fcr die Praxis bew\u00e4hren sich unsere Produkte f\u00fcr die Werkstattausr\u00fcstung.<\/p>\n\n\n\n<p>Nutzen Sie unsere Flexibilit\u00e4t f\u00fcr individuelle Ma\u00dfanfertigungen und Sonderbauten. Auch hierbei sind kurze&nbsp;Lieferzeiten f\u00fcr uns eine Selbstverst\u00e4ndlichkeit.<br><br>Ihr Werner Baumeister<\/p>\n","protected":false},"excerpt":{"rendered":"<p>Sehr geehrte Kundin, sehr geehrter Kunde, die Firma Baumeister wurde im Jahr 1992 durch unseren Firmeninhaber Werner Baumeister gegr\u00fcndet. Wir stellen anatomische Schaumstoff-Cervicalst\u00fctzen her, die Sie auch mit einer innenliegenden Verst\u00e4kung erhalten k\u00f6nnen. Unser innovatives patentiertes TEP-Protect-Arthrodesenkissen erfreut sich seit der Markteinf\u00fchrung sowohl bei \u00c4rzten aus Klink und Praxis als auch bei Physiotherapeuten und vor [&hellip;]<\/p>\n","protected":false},"author":1,"featured_media":0,"parent":0,"menu_order":3,"comment_status":"closed","ping_status":"closed","template":"","meta":{"footnotes":""},"class_list":["post-128","page","type-page","status-publish","hentry"],"_links":{"self":[{"href":"https:\/\/orthopaedie-baumeister.de\/index.php?rest_route=\/wp\/v2\/pages\/128","targetHints":{"allow":["GET"]}}],"collection":[{"href":"https:\/\/orthopaedie-baumeister.de\/index.php?rest_route=\/wp\/v2\/pages"}],"about":[{"href":"https:\/\/orthopaedie-baumeister.de\/index.php?rest_route=\/wp\/v2\/types\/page"}],"author":[{"embeddable":true,"href":"https:\/\/orthopaedie-baumeister.de\/index.php?rest_route=\/wp\/v2\/users\/1"}],"replies":[{"embeddable":true,"href":"https:\/\/orthopaedie-baumeister.de\/index.php?rest_route=%2Fwp%2Fv2%2Fcomments&post=128"}],"version-history":[{"count":1,"href":"https:\/\/orthopaedie-baumeister.de\/index.php?rest_route=\/wp\/v2\/pages\/128\/revisions"}],"predecessor-version":[{"id":129,"href":"https:\/\/orthopaedie-baumeister.de\/index.php?rest_route=\/wp\/v2\/pages\/128\/revisions\/129"}],"wp:attachment":[{"href":"https:\/\/orthopaedie-baumeister.de\/index.php?rest_route=%2Fwp%2Fv2%2Fmedia&parent=128"}],"curies":[{"name":"wp","href":"https:\/\/api.w.org\/{rel}","templated":true}]}}