{"id":200,"date":"2023-01-10T19:43:26","date_gmt":"2023-01-10T19:43:26","guid":{"rendered":"https:\/\/orthopaedie-baumeister.de\/?page_id=200"},"modified":"2023-01-10T19:43:26","modified_gmt":"2023-01-10T19:43:26","slug":"downloads","status":"publish","type":"page","link":"https:\/\/orthopaedie-baumeister.de\/?page_id=200","title":{"rendered":"Downloads"},"content":{"rendered":"\n<p>F\u00fcr Bestellungen verwenden Sie bitte unsere Bestellformulare:<\/p>\n\n\n\n<div class=\"wp-block-columns is-layout-flex wp-container-core-columns-is-layout-9d6595d7 wp-block-columns-is-layout-flex\">\n<div class=\"wp-block-column is-layout-flow wp-block-column-is-layout-flow\" style=\"flex-basis:33.33%\">\n<p>F\u00fcr Cervicalst\u00fctzen:<\/p>\n<\/div>\n\n\n\n<div class=\"wp-block-column is-layout-flow wp-block-column-is-layout-flow\" style=\"flex-basis:66.66%\">\n<div class=\"wp-block-file\"><a id=\"wp-block-file--media-4a0a8da1-be15-4351-8256-19276eff0b91\" href=\"https:\/\/orthopaedie-baumeister.de\/wp-content\/uploads\/2023\/01\/ProspektWB.pdf\" target=\"_blank\" rel=\"noreferrer noopener\">Bestellformular Cervicalst\u00fctzen<\/a><\/div>\n<\/div>\n<\/div>\n\n\n\n<div class=\"wp-block-columns is-layout-flex wp-container-core-columns-is-layout-9d6595d7 wp-block-columns-is-layout-flex\">\n<div class=\"wp-block-column is-layout-flow wp-block-column-is-layout-flow\" style=\"flex-basis:33.33%\">\n<p>F\u00fcr Ma\u00dfanfertigungen:<\/p>\n<\/div>\n\n\n\n<div class=\"wp-block-column is-layout-flow wp-block-column-is-layout-flow\" style=\"flex-basis:66.66%\">\n<div class=\"wp-block-file\"><a id=\"wp-block-file--media-87afae68-2ff4-4830-a8f9-02c8fbe1e4b5\" href=\"https:\/\/orthopaedie-baumeister.de\/wp-content\/uploads\/2023\/01\/MASSBLATTWB.pdf\" target=\"_blank\" rel=\"noreferrer noopener\">Bestellformular Ma\u00dfanfertigungen<\/a><\/div>\n<\/div>\n<\/div>\n","protected":false},"excerpt":{"rendered":"<p>F\u00fcr Bestellungen verwenden Sie bitte unsere Bestellformulare: F\u00fcr Cervicalst\u00fctzen: F\u00fcr Ma\u00dfanfertigungen:<\/p>\n","protected":false},"author":1,"featured_media":0,"parent":0,"menu_order":0,"comment_status":"closed","ping_status":"closed","template":"","meta":{"footnotes":""},"class_list":["post-200","page","type-page","status-publish","hentry"],"_links":{"self":[{"href":"https:\/\/orthopaedie-baumeister.de\/index.php?rest_route=\/wp\/v2\/pages\/200","targetHints":{"allow":["GET"]}}],"collection":[{"href":"https:\/\/orthopaedie-baumeister.de\/index.php?rest_route=\/wp\/v2\/pages"}],"about":[{"href":"https:\/\/orthopaedie-baumeister.de\/index.php?rest_route=\/wp\/v2\/types\/page"}],"author":[{"embeddable":true,"href":"https:\/\/orthopaedie-baumeister.de\/index.php?rest_route=\/wp\/v2\/users\/1"}],"replies":[{"embeddable":true,"href":"https:\/\/orthopaedie-baumeister.de\/index.php?rest_route=%2Fwp%2Fv2%2Fcomments&post=200"}],"version-history":[{"count":1,"href":"https:\/\/orthopaedie-baumeister.de\/index.php?rest_route=\/wp\/v2\/pages\/200\/revisions"}],"predecessor-version":[{"id":204,"href":"https:\/\/orthopaedie-baumeister.de\/index.php?rest_route=\/wp\/v2\/pages\/200\/revisions\/204"}],"wp:attachment":[{"href":"https:\/\/orthopaedie-baumeister.de\/index.php?rest_route=%2Fwp%2Fv2%2Fmedia&parent=200"}],"curies":[{"name":"wp","href":"https:\/\/api.w.org\/{rel}","templated":true}]}}