{"id":5,"date":"2022-12-30T20:25:37","date_gmt":"2022-12-30T20:25:37","guid":{"rendered":"https:\/\/wp1132990.server-he.de\/?page_id=5"},"modified":"2022-12-31T16:36:44","modified_gmt":"2022-12-31T16:36:44","slug":"home","status":"publish","type":"page","link":"https:\/\/orthopaedie-baumeister.de\/","title":{"rendered":"Home"},"content":{"rendered":"\n<p>Werner Baumeister<\/p>\n\n\n\n<p>Orthop\u00e4diemechaniker-Meister<\/p>\n\n\n\n<p>Herstellung und Vertrieb von anatomischen Cervicalst\u00fctzen und TEP-Protect Arthrodesenkissen, Pre-Preg Ausr\u00fcstung und Werkstattzubeh\u00f6r.<\/p>\n","protected":false},"excerpt":{"rendered":"<p>Werner Baumeister Orthop\u00e4diemechaniker-Meister Herstellung und Vertrieb von anatomischen Cervicalst\u00fctzen und TEP-Protect Arthrodesenkissen, Pre-Preg Ausr\u00fcstung und Werkstattzubeh\u00f6r.<\/p>\n","protected":false},"author":1,"featured_media":0,"parent":0,"menu_order":0,"comment_status":"closed","ping_status":"closed","template":"","meta":{"footnotes":""},"class_list":["post-5","page","type-page","status-publish","hentry"],"_links":{"self":[{"href":"https:\/\/orthopaedie-baumeister.de\/index.php?rest_route=\/wp\/v2\/pages\/5","targetHints":{"allow":["GET"]}}],"collection":[{"href":"https:\/\/orthopaedie-baumeister.de\/index.php?rest_route=\/wp\/v2\/pages"}],"about":[{"href":"https:\/\/orthopaedie-baumeister.de\/index.php?rest_route=\/wp\/v2\/types\/page"}],"author":[{"embeddable":true,"href":"https:\/\/orthopaedie-baumeister.de\/index.php?rest_route=\/wp\/v2\/users\/1"}],"replies":[{"embeddable":true,"href":"https:\/\/orthopaedie-baumeister.de\/index.php?rest_route=%2Fwp%2Fv2%2Fcomments&post=5"}],"version-history":[{"count":2,"href":"https:\/\/orthopaedie-baumeister.de\/index.php?rest_route=\/wp\/v2\/pages\/5\/revisions"}],"predecessor-version":[{"id":83,"href":"https:\/\/orthopaedie-baumeister.de\/index.php?rest_route=\/wp\/v2\/pages\/5\/revisions\/83"}],"wp:attachment":[{"href":"https:\/\/orthopaedie-baumeister.de\/index.php?rest_route=%2Fwp%2Fv2%2Fmedia&parent=5"}],"curies":[{"name":"wp","href":"https:\/\/api.w.org\/{rel}","templated":true}]}}