{"id":54,"date":"2022-12-31T14:45:01","date_gmt":"2022-12-31T14:45:01","guid":{"rendered":"https:\/\/orthopaedie-baumeister.de\/?page_id=54"},"modified":"2023-01-01T22:46:10","modified_gmt":"2023-01-01T22:46:10","slug":"tep-protect-arthrodesenkissen-b-a-l-s-baumeister-anti-luxations-sitzerhohung","status":"publish","type":"page","link":"https:\/\/orthopaedie-baumeister.de\/?page_id=54","title":{"rendered":"TEP-Protect Arthrodesenkissen"},"content":{"rendered":"\n<h2 class=\"wp-block-heading\">Baumeister-Anti-Luxations-Sitzerh\u00f6hung (B-A-L-S)<\/h2>\n\n\n\n<p>Gebrauchsmusterschutz-Nummer: 203 05 656.6<\/p>\n\n\n\n<h3 class=\"wp-block-heading\"><strong>Technische Beschreibung<\/strong><\/h3>\n\n\n\n<p>Zweilagiger Verbundschaumstoff, oben Schaumstoff RG 30, unten RG 75; 45 x 45 x 10 cm (nur&nbsp;700g) bzw. 45 x 45 x 14 cm&nbsp;(nur 760 g) mit besonderem anantomischen Zuschnitt zur Sitzerh\u00f6hung und Abspreizung der Oberschenkel, mit textilen Bezug, Tragegriff und Schulter- tragegurt (z.B. f\u00fcr Gehst\u00fctzenbenutzer).<\/p>\n\n\n\n<h3 class=\"wp-block-heading\">Wirkungsweise, Funktion<\/h3>\n\n\n\n<p>Durch die Benutzung dieser anatomisch speziell zugeschnittenen Sitzerh\u00f6hung wird erreicht, dass die Sitzh\u00f6he herk\u00f6mmlicher Sitzgelegenheiten derartig erh\u00f6ht wird, dass der Flexionswinkel des H\u00fcftgelenkes 80\u00b0 nicht \u00fcbersteigt und der Benutzer trotzdem mit beiden Beinen Bodenkontakt beh\u00e4lt. Gleichfalls wird durch den Spreizsteg eine diskrete Abspreizung bewirkt; hierdurch wird der Gefahr der Luxation der frisch eingesetzten H\u00fcft-TEP deutlich entgegengewirkt. Durch diese Sitzerh\u00f6hung wird dem Patienten das Hinsetzten und Wiederaufstehen erleichtert. Gleichfalls erf\u00e4hrt das Becken eine leichte Kippung nach vorne und der Benutzer sitzt erm\u00fcdungsfreier aufrecht und orthop\u00e4disch richtig.<\/p>\n\n\n\n<h3 class=\"wp-block-heading\">Indikation<\/h3>\n\n\n\n<ul class=\"wp-block-list\">\n<li>Coxarthrose u. H\u00fcftversteifung (praeoperativ)<\/li>\n\n\n\n<li>Gonarthrose mit Kniegelenkversteifung<\/li>\n\n\n\n<li>Status nach H\u00fcft-TEP (postoperativ)<\/li>\n\n\n\n<li>H\u00fcftorthesenversorgung mit Flexionslimitierung&nbsp;\u2264 90\u00b0<\/li>\n<\/ul>\n\n\n\n<h3 class=\"wp-block-heading\">Gr\u00f6\u00dfen<\/h3>\n\n\n\n<figure class=\"wp-block-table is-style-regular\"><table><thead><tr><th class=\"has-text-align-center\" data-align=\"center\">Artikelnummer<\/th><th class=\"has-text-align-center\" data-align=\"center\">H\u00f6he<\/th><th class=\"has-text-align-center\" data-align=\"center\">Bezug<\/th><\/tr><\/thead><tbody><tr><td class=\"has-text-align-center\" data-align=\"center\">300<\/td><td class=\"has-text-align-center\" data-align=\"center\">10 cm<\/td><td class=\"has-text-align-center\" data-align=\"center\">Textil<\/td><\/tr><tr><td class=\"has-text-align-center\" data-align=\"center\">301<\/td><td class=\"has-text-align-center\" data-align=\"center\">10 cm<\/td><td class=\"has-text-align-center\" data-align=\"center\">Kunstleder<\/td><\/tr><tr><td class=\"has-text-align-center\" data-align=\"center\">310<\/td><td class=\"has-text-align-center\" data-align=\"center\">14 cm<\/td><td class=\"has-text-align-center\" data-align=\"center\">Textil<\/td><\/tr><tr><td class=\"has-text-align-center\" data-align=\"center\">311<\/td><td class=\"has-text-align-center\" data-align=\"center\">14 cm<\/td><td class=\"has-text-align-center\" data-align=\"center\">Kunstleder<\/td><\/tr><\/tbody><\/table><\/figure>\n\n\n\n<h3 class=\"wp-block-heading\">Anwendungshinweise<\/h3>\n\n\n\n<p>Arthrodesenkissen zur Schonung der H\u00fcft- und Kniegelenke und zur aufrechten Sitzhaltung der Wirbels\u00e4ule bei medizinischer Indikation pr\u00e4operativ und auch postoperativ. Das Arthrodesenkissen ist durch den Tragegriff und den verstellbaren Schultergurt flexibel einsetzbar.<\/p>\n\n\n\n<h3 class=\"wp-block-heading\">Rezeptierung<\/h3>\n\n\n\n<p>1 TEP-Protect Arthrodesenkissen n. Baumeister 10 cm bzw. 14 cm hoch<\/p>\n\n\n\n<p>HiMi-Nr. 26.46.01.0009<\/p>\n\n\n\n<hr class=\"wp-block-separator has-alpha-channel-opacity\"\/>\n\n\n\n<div class=\"wp-block-buttons is-layout-flex wp-block-buttons-is-layout-flex\">\n<div class=\"wp-block-button\"><a class=\"wp-block-button__link wp-element-button\" href=\"https:\/\/orthopaedie-baumeister.de\/?page_id=15\">zur\u00fcck zu Produkte<\/a><\/div>\n<\/div>\n\n\n\n<p><\/p>\n\n\n\n<p><\/p>\n","protected":false},"excerpt":{"rendered":"<p>Baumeister-Anti-Luxations-Sitzerh\u00f6hung (B-A-L-S) Gebrauchsmusterschutz-Nummer: 203 05 656.6 Technische Beschreibung Zweilagiger Verbundschaumstoff, oben Schaumstoff RG 30, unten RG 75; 45 x 45 x 10 cm (nur&nbsp;700g) bzw. 45 x 45 x 14 cm&nbsp;(nur 760 g) mit besonderem anantomischen Zuschnitt zur Sitzerh\u00f6hung und Abspreizung der Oberschenkel, mit textilen Bezug, Tragegriff und Schulter- tragegurt (z.B. f\u00fcr Gehst\u00fctzenbenutzer). Wirkungsweise, Funktion [&hellip;]<\/p>\n","protected":false},"author":1,"featured_media":0,"parent":15,"menu_order":0,"comment_status":"closed","ping_status":"closed","template":"","meta":{"footnotes":""},"class_list":["post-54","page","type-page","status-publish","hentry"],"_links":{"self":[{"href":"https:\/\/orthopaedie-baumeister.de\/index.php?rest_route=\/wp\/v2\/pages\/54","targetHints":{"allow":["GET"]}}],"collection":[{"href":"https:\/\/orthopaedie-baumeister.de\/index.php?rest_route=\/wp\/v2\/pages"}],"about":[{"href":"https:\/\/orthopaedie-baumeister.de\/index.php?rest_route=\/wp\/v2\/types\/page"}],"author":[{"embeddable":true,"href":"https:\/\/orthopaedie-baumeister.de\/index.php?rest_route=\/wp\/v2\/users\/1"}],"replies":[{"embeddable":true,"href":"https:\/\/orthopaedie-baumeister.de\/index.php?rest_route=%2Fwp%2Fv2%2Fcomments&post=54"}],"version-history":[{"count":5,"href":"https:\/\/orthopaedie-baumeister.de\/index.php?rest_route=\/wp\/v2\/pages\/54\/revisions"}],"predecessor-version":[{"id":142,"href":"https:\/\/orthopaedie-baumeister.de\/index.php?rest_route=\/wp\/v2\/pages\/54\/revisions\/142"}],"up":[{"embeddable":true,"href":"https:\/\/orthopaedie-baumeister.de\/index.php?rest_route=\/wp\/v2\/pages\/15"}],"wp:attachment":[{"href":"https:\/\/orthopaedie-baumeister.de\/index.php?rest_route=%2Fwp%2Fv2%2Fmedia&parent=54"}],"curies":[{"name":"wp","href":"https:\/\/api.w.org\/{rel}","templated":true}]}}