{"id":61,"date":"2022-12-31T17:25:31","date_gmt":"2022-12-31T17:25:31","guid":{"rendered":"https:\/\/orthopaedie-baumeister.de\/?page_id=61"},"modified":"2023-01-01T22:49:11","modified_gmt":"2023-01-01T22:49:11","slug":"bmp-baumeister-pre-preg-set-fur-infrarot-ofen","status":"publish","type":"page","link":"https:\/\/orthopaedie-baumeister.de\/?page_id=61","title":{"rendered":"BMP Baumeister Pre-Preg Set f\u00fcr Infrarot-\u00d6fen"},"content":{"rendered":"\n<p>Die \u201eBaumeister\u201c Pre-Preg Zubeh\u00f6r Serie ist aus der Orthop\u00e4die-Technischen Praxis hervorgegangen und zur Serienreife weiter entwickelt worden. Das hochwertige Zubeh\u00f6rprogramm aus Edelstahl wurde speziell f\u00fcr den Einsatz im Infrarot-Ofen entwickelt und passt zu den Modellen der Firma Witzel IR1301 \/ IR1301 XTR und IR2101 DUAL.<\/p>\n\n\n\n<p>Das Set gibt es in vier Grundvarianten als 4- oder 6-fach Variante jeweils mit oder ohne Tiefziehausr\u00fcstung sowie die Einzelteile zur Erweiterung. Neben dem Grundrahmen mit Adaptern und Aufnahmen f\u00fcr die Absaugrohre sind praktische Spannvorrichtungen f\u00fcr das verschlei\u00dffreie Fixieren der Absaugrohre im Schraubstock w\u00e4hrend der Vorbereitungsphase enthalten.<\/p>\n\n\n\n<p><\/p>\n\n\n\n<p>Pre-Preg Produkte:<\/p>\n\n\n\n<ul class=\"wp-block-list\">\n<li><a href=\"https:\/\/orthopaedie-baumeister.de\/?page_id=62\">BMP Pre-Preg Set 6-fach mit Tiefziehausr\u00fcstung<\/a><\/li>\n\n\n\n<li><a href=\"https:\/\/orthopaedie-baumeister.de\/?page_id=66\">BMP Pre-Preg Grundrahmen<\/a><\/li>\n\n\n\n<li><a href=\"https:\/\/orthopaedie-baumeister.de\/?page_id=68\">BMP Adapter\/Halterung<\/a><\/li>\n\n\n\n<li><a href=\"https:\/\/orthopaedie-baumeister.de\/?page_id=70\">BMP Absaugrohr mit 1, 2 oder 3 Kan\u00e4len<\/a><\/li>\n\n\n\n<li><a href=\"https:\/\/orthopaedie-baumeister.de\/?page_id=87\">BMP Spannvorrichtung<\/a><\/li>\n\n\n\n<li><a href=\"https:\/\/orthopaedie-baumeister.de\/?page_id=90\">BMP Vakuum-Verteiler<\/a><\/li>\n\n\n\n<li><a href=\"https:\/\/orthopaedie-baumeister.de\/?page_id=92\">Schlauchset f\u00fcr Verteiler<\/a><\/li>\n\n\n\n<li><a href=\"https:\/\/orthopaedie-baumeister.de\/?page_id=94\">BMP Wandhalterung<\/a><\/li>\n<\/ul>\n\n\n\n<hr class=\"wp-block-separator has-alpha-channel-opacity\"\/>\n\n\n\n<div class=\"wp-block-buttons is-layout-flex wp-block-buttons-is-layout-flex\">\n<div class=\"wp-block-button\"><a class=\"wp-block-button__link wp-element-button\" href=\"https:\/\/orthopaedie-baumeister.de\/?page_id=15\">zur\u00fcck zu Produkte<\/a><\/div>\n<\/div>\n","protected":false},"excerpt":{"rendered":"<p>Die \u201eBaumeister\u201c Pre-Preg Zubeh\u00f6r Serie ist aus der Orthop\u00e4die-Technischen Praxis hervorgegangen und zur Serienreife weiter entwickelt worden. Das hochwertige Zubeh\u00f6rprogramm aus Edelstahl wurde speziell f\u00fcr den Einsatz im Infrarot-Ofen entwickelt und passt zu den Modellen der Firma Witzel IR1301 \/ IR1301 XTR und IR2101 DUAL. Das Set gibt es in vier Grundvarianten als 4- oder [&hellip;]<\/p>\n","protected":false},"author":1,"featured_media":0,"parent":15,"menu_order":0,"comment_status":"closed","ping_status":"closed","template":"","meta":{"footnotes":""},"class_list":["post-61","page","type-page","status-publish","hentry"],"_links":{"self":[{"href":"https:\/\/orthopaedie-baumeister.de\/index.php?rest_route=\/wp\/v2\/pages\/61","targetHints":{"allow":["GET"]}}],"collection":[{"href":"https:\/\/orthopaedie-baumeister.de\/index.php?rest_route=\/wp\/v2\/pages"}],"about":[{"href":"https:\/\/orthopaedie-baumeister.de\/index.php?rest_route=\/wp\/v2\/types\/page"}],"author":[{"embeddable":true,"href":"https:\/\/orthopaedie-baumeister.de\/index.php?rest_route=\/wp\/v2\/users\/1"}],"replies":[{"embeddable":true,"href":"https:\/\/orthopaedie-baumeister.de\/index.php?rest_route=%2Fwp%2Fv2%2Fcomments&post=61"}],"version-history":[{"count":3,"href":"https:\/\/orthopaedie-baumeister.de\/index.php?rest_route=\/wp\/v2\/pages\/61\/revisions"}],"predecessor-version":[{"id":146,"href":"https:\/\/orthopaedie-baumeister.de\/index.php?rest_route=\/wp\/v2\/pages\/61\/revisions\/146"}],"up":[{"embeddable":true,"href":"https:\/\/orthopaedie-baumeister.de\/index.php?rest_route=\/wp\/v2\/pages\/15"}],"wp:attachment":[{"href":"https:\/\/orthopaedie-baumeister.de\/index.php?rest_route=%2Fwp%2Fv2%2Fmedia&parent=61"}],"curies":[{"name":"wp","href":"https:\/\/api.w.org\/{rel}","templated":true}]}}